{"id":1439,"date":"2022-12-15T14:51:51","date_gmt":"2022-12-15T13:51:51","guid":{"rendered":"http:\/\/www.bcs-certification.com\/?page_id=1439"},"modified":"2022-12-15T15:45:18","modified_gmt":"2022-12-15T14:45:18","slug":"taxi-vtc-2","status":"publish","type":"page","link":"http:\/\/www.bcs-certification.com\/index.php\/taxi-vtc-2\/","title":{"rendered":"TAXI-VTC"},"content":{"rendered":"<p>[et_pb_section fb_built=\u00a0\u00bb1&Prime; admin_label=\u00a0\u00bbHero\u00a0\u00bb _builder_version=\u00a0\u00bb4.19.3&Prime; background_color=\u00a0\u00bb#084666&Prime; use_background_color_gradient=\u00a0\u00bbon\u00a0\u00bb background_color_gradient_direction=\u00a0\u00bb170deg\u00a0\u00bb background_color_gradient_stops=\u00a0\u00bb#030f40 1%|rgba(8,70,102,0.8) 100%\u00a0\u00bb background_color_gradient_overlays_image=\u00a0\u00bbon\u00a0\u00bb background_color_gradient_start=\u00a0\u00bb#030f40&Prime; background_color_gradient_start_position=\u00a0\u00bb1%\u00a0\u00bb background_color_gradient_end=\u00a0\u00bbrgba(8,70,102,0.8)\u00a0\u00bb background_image=\u00a0\u00bbhttp:\/\/atwjbdb.cluster030.hosting.ovh.net\/wp-content\/uploads\/2021\/02\/accountant-01.jpg\u00a0\u00bb min_height=\u00a0\u00bb1025px\u00a0\u00bb height=\u00a0\u00bb785px\u00a0\u00bb custom_margin=\u00a0\u00bb||||true|true\u00a0\u00bb custom_padding=\u00a0\u00bb0px||0px||true|true\u00a0\u00bb global_colors_info=\u00a0\u00bb{}\u00a0\u00bb][et_pb_row column_structure=\u00a0\u00bb3_5,2_5&Prime; _builder_version=\u00a0\u00bb4.16&Prime; _module_preset=\u00a0\u00bbdefault\u00a0\u00bb module_alignment=\u00a0\u00bbcenter\u00a0\u00bb custom_margin=\u00a0\u00bb|270px||270px|true|true\u00a0\u00bb custom_padding=\u00a0\u00bb14px||14px||true|true\u00a0\u00bb global_colors_info=\u00a0\u00bb{}\u00a0\u00bb][et_pb_column type=\u00a0\u00bb3_5&Prime; _builder_version=\u00a0\u00bb4.16&Prime; _module_preset=\u00a0\u00bbdefault\u00a0\u00bb custom_padding=\u00a0\u00bb||||true|true\u00a0\u00bb global_colors_info=\u00a0\u00bb{}\u00a0\u00bb][et_pb_text _builder_version=\u00a0\u00bb4.18.0&Prime; _module_preset=\u00a0\u00bbdefault\u00a0\u00bb text_font=\u00a0\u00bb|700|||||||\u00a0\u00bb text_text_color=\u00a0\u00bb#2f6b22&Prime; text_font_size=\u00a0\u00bb29px\u00a0\u00bb text_line_height=\u00a0\u00bb1em\u00a0\u00bb module_alignment=\u00a0\u00bbcenter\u00a0\u00bb min_height=\u00a0\u00bb67.1px\u00a0\u00bb custom_margin=\u00a0\u00bb25px||24px|||\u00a0\u00bb custom_padding=\u00a0\u00bb|55px|0px|||\u00a0\u00bb text_text_shadow_style=\u00a0\u00bbpreset4&Prime; global_colors_info=\u00a0\u00bb{}\u00a0\u00bb]<\/p>\n<p style=\"text-align: center;\"><span style=\"color: #ffffff;\">TAXI &#8211; VTC<br \/><\/span><\/p>\n<p>[\/et_pb_text][et_pb_text _builder_version=\u00a0\u00bb4.18.0&Prime; _module_preset=\u00a0\u00bbdefault\u00a0\u00bb text_text_color=\u00a0\u00bb#FFFFFF\u00a0\u00bb min_height=\u00a0\u00bb220.3px\u00a0\u00bb custom_margin=\u00a0\u00bb-12px||||false|false\u00a0\u00bb custom_padding=\u00a0\u00bb||0px|||\u00a0\u00bb global_colors_info=\u00a0\u00bb{}\u00a0\u00bb]<\/p>\n<p><strong>V\u00e9rification des conditions d\u2019examen TAXI VTC selon les obligations fix\u00e9es aux articles 24 \u00e0 24-5 du Code de l\u2019Artisanat<\/strong><\/p>\n<p><strong><\/strong><\/p>\n<p class=\"Default\"><i><span style=\"font-family: 'Arial',sans-serif;\"><strong>Qu\u2019est-ce que la Mise en conformit\u00e9 des TAXI\/TVC\u00a0?<\/strong><o:p><\/o:p><\/span><\/i><\/p>\n<p class=\"Default\"><span style=\"font-family: 'Arial',sans-serif;\">La mise en conformit\u00e9 selon le <b><i>d\u00e9cret N\u00b0 2021-202 du 23 f\u00e9vrier 2021 version en vigueur <\/i>au vu du code de l\u2019artisanat notamment des art. 24 et 24-5, modifiant les conditions d\u2019organisation des examens d\u2019acc\u00e8s aux professions de conducteur de taxi et de conducteur de voiture de transport avec chauffeur<\/b> permet aux chambres de m\u00e9tiers et de l\u2019artisanat d\u2019adresser chaque ann\u00e9e au pr\u00e9fet territorialement comp\u00e9tent un rapport r\u00e9alis\u00e9 par un organisme certificateur ind\u00e9pendant, notamment en termes de d\u00e9lais d\u2019organisation des examens et du nombre de sessions \u00e0 organiser, ainsi que de respect des garanties d\u2019impartialit\u00e9 et d\u2019ind\u00e9pendance et de publication.<\/span><span style=\"font-size: 18.0pt; font-family: 'Arial',sans-serif;\"><o:p><\/o:p><\/span><\/p>\n<p class=\"Default\">\n<p class=\"Default\"><i><span style=\"font-family: 'Arial',sans-serif;\"><strong>Qui sont les concern\u00e9s\u00a0?<\/strong><o:p><\/o:p><\/span><\/i><\/p>\n<p class=\"Default\"><span style=\"font-family: 'Arial',sans-serif;\">Les chambres des m\u00e9tiers et de l\u2019artisanat, CMA France, conducteurs de taxi et de voiture de transport avec chauffeur, candidats \u00e0 l\u2019examen d\u2019acc\u00e8s \u00e0 ces deux professions.<o:p><\/o:p><\/span><\/p>\n<p class=\"Default\">\n<p class=\"Default\"><i><span style=\"font-family: 'Arial',sans-serif;\"><strong>Qu\u2019est-ce que le d\u00e9cret N\u00b0 2021-202 du 23 f\u00e9vrier 2021\u00a0?<\/strong><o:p><\/o:p><\/span><\/i><\/p>\n<p class=\"Default\"><span style=\"font-family: 'Arial',sans-serif;\">Ce d\u00e9cret encadre davantage l&rsquo;exercice par les chambres des m\u00e9tiers et de l&rsquo;artisanat de leur comp\u00e9tence en mati\u00e8re de v\u00e9rification, par un examen, des conditions d&rsquo;aptitude des candidats aux professions de conducteurs de taxi ou de voiture de transport avec chauffeur, en pr\u00e9voyant des garanties suppl\u00e9mentaires de nature \u00e0 pr\u00e9venir les risques d&rsquo;atteinte ill\u00e9gale \u00e0 la libert\u00e9 d&rsquo;\u00e9tablissement. Il instaure \u00e0 ce titre une fr\u00e9quence raisonnable des examens d&rsquo;acc\u00e8s \u00e0 ces professions, et une garantie de d\u00e9lai maximal, durant lequel chaque candidat doit pouvoir passer l&rsquo;examen. Il modifie les r\u00e8gles de constitution et de fonctionnement des jurys, afin de garantir leur ind\u00e9pendance et leur impartialit\u00e9. Il proc\u00e8de \u00e0 l&rsquo;inscription, dans la partie r\u00e9glementaire du code des transports, du caract\u00e8re ad\u00e9quat du contenu et de la difficult\u00e9 des sujets, et proportionn\u00e9 \u00e0 la stricte appr\u00e9ciation de la condition d&rsquo;aptitude professionnelle des candidats. Enfin, il pr\u00e9voit des dispositions compl\u00e9mentaires en mati\u00e8re de transparence sur les conditions d&rsquo;organisation des examens, et de contr\u00f4le des chambres des m\u00e9tiers et de l&rsquo;artisanat en ce qui concerne l&rsquo;organisation et le d\u00e9roulement des \u00e9preuves.<o:p><\/o:p><\/span><\/p>\n<p><strong><\/strong><\/p>\n<p>[\/et_pb_text][et_pb_button button_url=\u00a0\u00bbhttp:\/\/atwjbdb.cluster030.hosting.ovh.net\/#contact\u00a0\u00bb button_text=\u00a0\u00bbFaire une demande\u00a0\u00bb _builder_version=\u00a0\u00bb4.16&Prime; _module_preset=\u00a0\u00bbdefault\u00a0\u00bb custom_button=\u00a0\u00bbon\u00a0\u00bb button_text_color=\u00a0\u00bb#FFFFFF\u00a0\u00bb button_bg_color=\u00a0\u00bb#2f6b22&Prime; button_border_color=\u00a0\u00bbrgba(0,0,0,0)\u00a0\u00bb button_icon=\u00a0\u00bb&#x3d;||divi||400&Prime; button_icon_color=\u00a0\u00bb#FFFFFF\u00a0\u00bb custom_margin=\u00a0\u00bb-18px|||||\u00a0\u00bb global_colors_info=\u00a0\u00bb{}\u00a0\u00bb][\/et_pb_button][\/et_pb_column][et_pb_column type=\u00a0\u00bb2_5&Prime; _builder_version=\u00a0\u00bb4.16&Prime; _module_preset=\u00a0\u00bbdefault\u00a0\u00bb global_colors_info=\u00a0\u00bb{}\u00a0\u00bb][et_pb_image src=\u00a0\u00bbhttp:\/\/www.bcs-certification.com\/wp-content\/uploads\/2022\/12\/Image1.jpg\u00a0\u00bb alt=\u00a0\u00bbTAXI-VTC\u00a0\u00bb title_text=\u00a0\u00bbTAXI VTC\u00a0\u00bb show_bottom_space=\u00a0\u00bboff\u00a0\u00bb align=\u00a0\u00bbcenter\u00a0\u00bb _builder_version=\u00a0\u00bb4.19.3&Prime; _module_preset=\u00a0\u00bbdefault\u00a0\u00bb background_color=\u00a0\u00bb#FFFFFF\u00a0\u00bb transform_origin=\u00a0\u00bb890%|48%\u00a0\u00bb width=\u00a0\u00bb70%\u00a0\u00bb max_width=\u00a0\u00bb100%\u00a0\u00bb module_alignment=\u00a0\u00bbcenter\u00a0\u00bb min_height=\u00a0\u00bb247px\u00a0\u00bb height=\u00a0\u00bb194px\u00a0\u00bb max_height=\u00a0\u00bb1000px\u00a0\u00bb custom_margin=\u00a0\u00bb30px||0px|0px|false|false\u00a0\u00bb custom_padding=\u00a0\u00bb0px||0px|0px|false|false\u00a0\u00bb hover_enabled=\u00a0\u00bb0&Prime; border_color_all=\u00a0\u00bbRGBA(255,255,255,0)\u00a0\u00bb box_shadow_style=\u00a0\u00bbpreset2&Prime; box_shadow_color=\u00a0\u00bbRGBA(255,255,255,0)\u00a0\u00bb global_colors_info=\u00a0\u00bb{}\u00a0\u00bb sticky_enabled=\u00a0\u00bb0&Prime;][\/et_pb_image][\/et_pb_column][\/et_pb_row][\/et_pb_section][et_pb_section fb_built=\u00a0\u00bb1&Prime; admin_label=\u00a0\u00bbServices\u00a0\u00bb _builder_version=\u00a0\u00bb4.16&Prime; background_enable_color=\u00a0\u00bboff\u00a0\u00bb background_enable_image=\u00a0\u00bboff\u00a0\u00bb background_blend=\u00a0\u00bboverlay\u00a0\u00bb custom_margin=\u00a0\u00bb20px||-70px|||\u00a0\u00bb global_colors_info=\u00a0\u00bb{}\u00a0\u00bb][et_pb_row _builder_version=\u00a0\u00bb4.16&Prime; _module_preset=\u00a0\u00bbdefault\u00a0\u00bb custom_margin=\u00a0\u00bb-59px|auto||auto||\u00a0\u00bb global_colors_info=\u00a0\u00bb{}\u00a0\u00bb][et_pb_column type=\u00a0\u00bb4_4&Prime; _builder_version=\u00a0\u00bb4.16&Prime; _module_preset=\u00a0\u00bbdefault\u00a0\u00bb global_colors_info=\u00a0\u00bb{}\u00a0\u00bb][et_pb_accordion open_toggle_text_color=\u00a0\u00bb#3aa641&Prime; closed_toggle_background_color=\u00a0\u00bb#030f40&Prime; icon_color=\u00a0\u00bb#ffffff\u00a0\u00bb _builder_version=\u00a0\u00bb4.18.0&Prime; _module_preset=\u00a0\u00bbdefault\u00a0\u00bb toggle_text_color=\u00a0\u00bb#FFFFFF\u00a0\u00bb toggle_level=\u00a0\u00bbh4&Prime; toggle_font=\u00a0\u00bb|700||||||#FFFFFF|\u00a0\u00bb closed_toggle_font=\u00a0\u00bb||||||||\u00a0\u00bb min_height=\u00a0\u00bb124px\u00a0\u00bb custom_margin=\u00a0\u00bb||28px|||\u00a0\u00bb border_radii=\u00a0\u00bbon|8px|8px|8px|8px\u00a0\u00bb border_color_all=\u00a0\u00bb#030f40&Prime; global_colors_info=\u00a0\u00bb{}\u00a0\u00bb][et_pb_accordion_item title=\u00a0\u00bbDe\u0301cret no 2021-202 du 23 fe\u0301vrier 2021 modifiant les conditions d\u2019organisation des examens d\u2019acc\u00e8s aux professions de conducteur de taxi et de conducteur de voiture de transport avec chauffeur \u00a0\u00bb open=\u00a0\u00bbon\u00a0\u00bb _builder_version=\u00a0\u00bb4.18.0&Prime; _module_preset=\u00a0\u00bbdefault\u00a0\u00bb global_colors_info=\u00a0\u00bb{}\u00a0\u00bb]<\/p>\n<p><a href=\"http:\/\/www.bcs-certification.com\/wp-content\/uploads\/2022\/10\/De\u0301cret-no-2021-202-du-23-fe\u0301vrier-2021-modifiant-les-conditions-dorganisation-des-examens-dacces.pdf\" rel=\"attachment wp-att-1444\">De\u0301cret n\u00b0 2021-202 du 23 fe\u0301vrier 2021 <\/a><\/p>\n<p>[\/et_pb_accordion_item][\/et_pb_accordion][\/et_pb_column][\/et_pb_row][\/et_pb_section][et_pb_section fb_built=\u00a0\u00bb1&Prime; admin_label=\u00a0\u00bbBlog\u00a0\u00bb _builder_version=\u00a0\u00bb4.16&Prime; background_color=\u00a0\u00bb#f7f7fa\u00a0\u00bb custom_margin=\u00a0\u00bb-14px|||||\u00a0\u00bb custom_padding=\u00a0\u00bb|||\u00a0\u00bb global_colors_info=\u00a0\u00bb{}\u00a0\u00bb][et_pb_row use_custom_gutter=\u00a0\u00bbon\u00a0\u00bb gutter_width=\u00a0\u00bb2&Prime; _builder_version=\u00a0\u00bb4.16&Prime; min_height=\u00a0\u00bb592.8px\u00a0\u00bb custom_margin=\u00a0\u00bb-47px|auto||auto||\u00a0\u00bb global_colors_info=\u00a0\u00bb{}\u00a0\u00bb][et_pb_column type=\u00a0\u00bb4_4&Prime; _builder_version=\u00a0\u00bb4.16&Prime; custom_padding=\u00a0\u00bb|||\u00a0\u00bb global_colors_info=\u00a0\u00bb{}\u00a0\u00bb custom_padding__hover=\u00a0\u00bb|||\u00a0\u00bb][et_pb_text _builder_version=\u00a0\u00bb4.16&Prime; text_font=\u00a0\u00bb||||||||\u00a0\u00bb header_font=\u00a0\u00bb||||||||\u00a0\u00bb header_2_font=\u00a0\u00bbOpen Sans|800|||||||\u00a0\u00bb header_2_font_size=\u00a0\u00bb30px\u00a0\u00bb header_2_line_height=\u00a0\u00bb1.6em\u00a0\u00bb text_orientation=\u00a0\u00bbcenter\u00a0\u00bb header_2_font_size_tablet=\u00a0\u00bb30px\u00a0\u00bb header_2_font_size_phone=\u00a0\u00bb20px\u00a0\u00bb header_2_font_size_last_edited=\u00a0\u00bbon|phone\u00a0\u00bb global_colors_info=\u00a0\u00bb{}\u00a0\u00bb]<\/p>\n<h2>Actualit\u00e9s &amp; informations<\/h2>\n<p>[\/et_pb_text][et_pb_blog fullwidth=\u00a0\u00bboff\u00a0\u00bb posts_number=\u00a0\u00bb3&Prime; include_categories=\u00a0\u00bb1,5&Prime; show_author=\u00a0\u00bboff\u00a0\u00bb show_date=\u00a0\u00bboff\u00a0\u00bb show_categories=\u00a0\u00bboff\u00a0\u00bb show_pagination=\u00a0\u00bboff\u00a0\u00bb masonry_tile_background_color=\u00a0\u00bbrgba(0,0,0,0)\u00a0\u00bb _builder_version=\u00a0\u00bb4.16&Prime; header_font=\u00a0\u00bbOpen Sans|600|||||||\u00a0\u00bb header_line_height=\u00a0\u00bb1.6em\u00a0\u00bb body_font=\u00a0\u00bb||||||||\u00a0\u00bb body_font_size=\u00a0\u00bb16px\u00a0\u00bb body_line_height=\u00a0\u00bb2em\u00a0\u00bb meta_font=\u00a0\u00bb||||||||\u00a0\u00bb meta_font_size=\u00a0\u00bb14px\u00a0\u00bb border_width_all=\u00a0\u00bb0px\u00a0\u00bb locked=\u00a0\u00bboff\u00a0\u00bb global_colors_info=\u00a0\u00bb{}\u00a0\u00bb][\/et_pb_blog][\/et_pb_column][\/et_pb_row][\/et_pb_section]<\/p>\n","protected":false},"excerpt":{"rendered":"<p>TAXI &#8211; VTCV\u00e9rification des conditions d\u2019examen TAXI VTC selon les obligations fix\u00e9es aux articles 24 \u00e0 24-5 du Code de l\u2019Artisanat Qu\u2019est-ce que la Mise en conformit\u00e9 des TAXI\/TVC\u00a0? La mise en conformit\u00e9 selon le d\u00e9cret N\u00b0 2021-202 du 23 f\u00e9vrier 2021 version en vigueur au vu du code de l\u2019artisanat notamment des art. 24 [&hellip;]<\/p>\n","protected":false},"author":1,"featured_media":0,"parent":0,"menu_order":0,"comment_status":"closed","ping_status":"closed","template":"","meta":{"_et_pb_use_builder":"on","_et_pb_old_content":"","_et_gb_content_width":"","footnotes":""},"class_list":["post-1439","page","type-page","status-publish","hentry"],"jetpack_sharing_enabled":true,"_links":{"self":[{"href":"http:\/\/www.bcs-certification.com\/index.php\/wp-json\/wp\/v2\/pages\/1439","targetHints":{"allow":["GET"]}}],"collection":[{"href":"http:\/\/www.bcs-certification.com\/index.php\/wp-json\/wp\/v2\/pages"}],"about":[{"href":"http:\/\/www.bcs-certification.com\/index.php\/wp-json\/wp\/v2\/types\/page"}],"author":[{"embeddable":true,"href":"http:\/\/www.bcs-certification.com\/index.php\/wp-json\/wp\/v2\/users\/1"}],"replies":[{"embeddable":true,"href":"http:\/\/www.bcs-certification.com\/index.php\/wp-json\/wp\/v2\/comments?post=1439"}],"version-history":[{"count":16,"href":"http:\/\/www.bcs-certification.com\/index.php\/wp-json\/wp\/v2\/pages\/1439\/revisions"}],"predecessor-version":[{"id":1531,"href":"http:\/\/www.bcs-certification.com\/index.php\/wp-json\/wp\/v2\/pages\/1439\/revisions\/1531"}],"wp:attachment":[{"href":"http:\/\/www.bcs-certification.com\/index.php\/wp-json\/wp\/v2\/media?parent=1439"}],"curies":[{"name":"wp","href":"https:\/\/api.w.org\/{rel}","templated":true}]}}